{"id":33453,"date":"2020-04-03T14:41:40","date_gmt":"2020-04-03T18:41:40","guid":{"rendered":"https:\/\/gfsignaturedev.wpengine.com\/privacy-policy\/"},"modified":"2026-03-28T11:11:55","modified_gmt":"2026-03-28T15:11:55","slug":"privacy-policy","status":"publish","type":"page","link":"https:\/\/gfsignature.com\/en\/privacy-policy\/","title":{"rendered":"Privacy policy"},"content":{"rendered":"\t\t<div data-elementor-type=\"wp-page\" data-elementor-id=\"33453\" class=\"elementor elementor-33453 elementor-33\" data-elementor-settings=\"{&quot;ha_cmc_init_switcher&quot;:&quot;no&quot;}\" data-elementor-post-type=\"page\">\n\t\t\t\t\t\t<section class=\"elementor-section elementor-top-section elementor-element elementor-element-67fbb928 politique elementor-section-boxed elementor-section-height-default elementor-section-height-default\" data-id=\"67fbb928\" data-element_type=\"section\" data-settings=\"{&quot;_ha_eqh_enable&quot;:false}\">\n\t\t\t\t\t\t<div class=\"elementor-container elementor-column-gap-default\">\n\t\t\t\t\t<div class=\"elementor-column elementor-col-100 elementor-top-column elementor-element elementor-element-7c618322\" data-id=\"7c618322\" data-element_type=\"column\">\n\t\t\t<div class=\"elementor-widget-wrap elementor-element-populated\">\n\t\t\t\t\t\t<div class=\"elementor-element elementor-element-780cf7e title elementor-widget elementor-widget-heading\" data-id=\"780cf7e\" data-element_type=\"widget\" data-widget_type=\"heading.default\">\n\t\t\t\t<div class=\"elementor-widget-container\">\n\t\t\t\t\t<h1 class=\"elementor-heading-title elementor-size-default\">Privacy policy<\/h1>\t\t\t\t<\/div>\n\t\t\t\t<\/div>\n\t\t\t\t<div class=\"elementor-element elementor-element-24f95e87 elementor-widget elementor-widget-text-editor\" data-id=\"24f95e87\" data-element_type=\"widget\" data-widget_type=\"text-editor.default\">\n\t\t\t\t<div class=\"elementor-widget-container\">\n\t\t\t\t\t\t\t\t\t<p>Signature Financial Group (SFG) is committed to protecting the confidentiality of your personal information and to handling it in accordance with the law and with respect for your privacy.<\/p>\n<h2> <\/h2>\n<h2><b>Your consent<\/b><\/h2>\n<p>When you leave a comment on our website, the data entered in the comment form, your IP address and your browser&#8217;s user agent are collected to help us detect undesirable comments. An anonymized string created from your email address (also known as a &#8220;hash&#8221;) may be sent to the Gravatar service to check whether you are using it. The Gravatar privacy policy is available here : <a href=\"https:\/\/automattic.com\/privacy\">https:\/\/automattic.com\/privacy<\/a>. Once your comment has been approved, your profile photo will be publicly visible next to your comment.<\/p>\n<h2> <\/h2>\n<h2><b>Media<\/b><\/h2>\n<p>If you upload images to the website, we recommend that you avoid uploading images that contain EXIF data with GPS coordinates. Visitors to this website can download and extract location data from these images.<\/p>\n<h2> <\/h2>\n<h2><b>Witnesses<\/b><\/h2>\n<p>If you leave a comment on our site, you will be asked to save your name, e-mail address and website in cookies. This is just to make life easier for you, so you don&#8217;t have to enter this information if you leave another comment later. These witnesses expire after one year. If you go to the login page, a temporary cookie will be created to determine whether your browser accepts cookies. It does not contain any personal data and will be deleted automatically when you close your browser. When you log in, we will set a number of cookies to record your login information and screen preferences. The lifetime of a connection cookie is two days, that of a screen option cookie is one year. If you check &#8220;Remember me&#8221;, your cookie will be stored for two weeks. If you log out of your account, the cookie will be deleted. By modifying or publishing an article, an additional cookie will be stored in your browser. This cookie does not include any personal data. It simply indicates the identifier of the item you have just modified. It expires after one day.<\/p>\n<h2> <\/h2>\n<h2><b>Extended<\/b><\/h2>\n<p>GFS\u2019s responsibility regarding the protection of personal information also extends to its agents, service providers, and partners with whom GFS may share certain personal information for the purpose of fulfilling a mandate or performing a service or business contract.<\/p>\n<p>We do not share, sell, rent, or disclose opt-in SMS consent information to third parties or partners for marketing purposes.<\/p>\n<h2> <\/h2>\n<h2><b>Embedded content from other websites<\/b><\/h2>\n<p>Articles on this site may include embedded content (e.g. videos, images, articles, etc.). Content integrated from other sites behaves in the same way as if the visitor were visiting that other site. These websites may collect data about you, use cookies, install third-party tracking tools, or track your interactions with this embedded content if you have an account and are logged in to their website.<\/p>\n<h2> <\/h2>\n<h2><b>Personal Information<\/b><\/h2>\n<p>Personal information is information that relates to an individual and allows that individual to be identified, either directly or indirectly. This information is confidential, meaning it may not be disclosed to third parties without the consent of the individual concerned, except in cases expressly provided for by law. Personal information must be protected whether it is stored by the company or by a third party, regardless of the nature of the medium or the form in which it is stored.<br \/>*** Translated with www.DeepL.com\/Translator (free version) ***  <\/p>\n<h3> <\/h3>\n<h3><b>Purposes for which your personal data is collected and processed.<\/b><\/h3>\n<p>For surveys, contests, and promotions<\/p>\n<p>To comply with legal requirements, prevent fraud, or resolve issues related to our relationship;<\/p>\n<p>Get your feedback on our products and services;<\/p>\n<p>Vous proposez des offres et des conseils personnalis\u00e9s sur nos produits ou nos services (voir votre droit de retrait de consentement) selon vos pr\u00e9f\u00e9rences et conform\u00e9ment aux r\u00e8gles relatives aux communications \u00e9lectroniques et t\u00e9l\u00e9phoniques.<\/p>\n<h3> <\/h3>\n<h3><b>How long is your data stored?<\/b><\/h3>\n<p>If you leave a comment, the comment and its metadata are kept indefinitely. This allows subsequent comments to be automatically recognized and approved instead of being left in the moderation queue. For users who register on our site (where possible), we also store the personal data indicated in their profile. All users can view, modify or delete their personal information at any time (with the exception of their username). Site managers can also view and modify this information.<\/p>\n<h3> <\/h3>\n<h3><b>Transmission of your personal data<\/b><\/h3>\n<p>Visitor comments can be checked using an automated spam detection service.<\/p>\n<h2> <\/h2>\n<h2><b>Use of Cookies<\/b><\/h2>\n<p>This website uses cookies. Cookies allow us to personalize content and ads, provide social media features, and analyze traffic. We also share information about your use of our site with our social media, advertising, and analytics partners, who may combine this information with other information you have provided to them or that they have collected through your use of their services.<\/p>\n<p>Cookies are small text files that websites can use to improve the user experience.<\/p>\n<p>The law states that we may only store cookies on your device if they are strictly necessary for the operation of this website. For all other types of cookies, we need your permission. <\/p>\n<p>This site uses various types of cookies. Some cookies are set by third-party services that appear on our pages. <\/p>\n<h2 style=\"font-family: 'Work Sans', sans-serif; color: #333333;\"><span style=\"font-weight: bold;\"><br \/>SMS messages<\/span><\/h2>\n<p>If you choose to receive text messages from us, you agree to receive messages related to our services, including appointment confirmations, reminders, follow-ups, and promotional offers.<\/p>\n<p>The frequency of messages may vary depending on your interaction with our services.<\/p>\n<p>You can unsubscribe at any time by replying &#8220;STOP&#8221; to any message you receive. For help, reply &#8220;HELP&#8221; or contact us directly. <\/p>\n<p>Messaging and data charges may apply depending on your mobile carrier.<\/p>\n<p><span style=\"color: inherit; font-family: inherit; font-size: 24px;\"> <\/span><\/p>\n<h2><b>Safety measures <\/b><\/h2>\n<p>We recognize that information security is an integral part of the confidentiality of personal information. We have implemented and continue to develop rigorous security measures to ensure that your personal information remains strictly confidential and is protected against loss or theft, as well as against any unauthorized access, disclosure, copying, use, or alteration. <\/p>\n<p>These security measures include<\/p>\n<p>Organizational measures (e.g., use of security clearances and access restricted to what is necessary, a cybersecurity team, policies, guidelines, and compliance-focused training);<\/p>\n<p>Physical measures (e.g., electronic access control for employees to offices, data backup and archiving using an external system, etc.);<\/p>\n<p>Technological measures (e.g., use of passwords and encryption, frequent password changes, use of firewalls and segmented access controls, etc.).<\/p>\n<p>All GFS members and third-party service providers we may engage to process personal information on our behalf are also contractually obligated to maintain the confidentiality of personal information.<\/p>\n<h3> <\/h3>\n<h3><b>What are your rights regarding your data?<\/b><\/h3>\n<p>If you have an account or if you have left comments on this site, you may request to receive a file containing all the personal data we hold about you, including that which you have provided to us. You can also request the deletion of your personal data. This does not include data stored for administrative, legal or security purposes.<\/p>\n<h3> <\/h3>\n<h3><b>Your rights regarding your personal information<\/b><\/h3>\n<p>In accordance with applicable privacy laws, individuals have the following rights:<\/p>\n<p>Right of access: the right to obtain confirmation as to whether personal information concerning the individual is being processed and the right to obtain a copy of such personal information;<\/p>\n<p>Right to rectification: the right to request that we correct any incomplete, inaccurate, or ambiguous personal information we hold;<\/p>\n<p>Right to withdraw consent: the right to withdraw consent to the disclosure or use of personal information that has been collected;<\/p>\n<p>Right to information: the right to be informed of a decision based solely on automated processing that uses personal information;<\/p>\n<p>Right to information: the right to be informed in advance of the use of technology that can identify, locate, or profile an individual, as well as the means available to activate functions that can identify, locate, or profile that individual;<\/p>\n<p>Right to data portability: the right to access personal data stored in a computer system in a structured, commonly used, and machine-readable format.<\/p>\n<p>Requests for access or correction should be directed to the GFS Privacy Officer, whose contact information is provided below \u2026<\/p>\n<p>The Privacy Officer will respond in writing to the request for access or correction in a timely manner and no later than thirty (30) days from the date of receipt of the request.<\/p>\n<h2><b><br \/>Implementation of the policy<\/b><\/h2>\n<p>You can view the applicable policy on this website at any time. This privacy policy was last updated on August 1, 2025. <\/p>\n<h2><b>Contact<\/b><\/h2>\n\t\t\t\t\t\t\t\t<\/div>\n\t\t\t\t<\/div>\n\t\t\t\t\t<\/div>\n\t\t<\/div>\n\t\t\t\t\t<\/div>\n\t\t<\/section>\n\t\t<div class=\"elementor-element elementor-element-678249d e-grid e-con-boxed e-con e-parent\" data-id=\"678249d\" data-element_type=\"container\" data-settings=\"{&quot;_ha_eqh_enable&quot;:false}\">\n\t\t\t\t\t<div class=\"e-con-inner\">\n\t\t\t\t<div class=\"elementor-element elementor-element-76ea320 elementor-position-top elementor-widget elementor-widget-image-box\" data-id=\"76ea320\" data-element_type=\"widget\" data-widget_type=\"image-box.default\">\n\t\t\t\t<div class=\"elementor-widget-container\">\n\t\t\t\t\t<div class=\"elementor-image-box-wrapper\"><figure class=\"elementor-image-box-img\"><img fetchpriority=\"high\" decoding=\"async\" width=\"450\" height=\"548\" src=\"https:\/\/gfsignature.com\/wp-content\/uploads\/2025\/08\/Daniel-Rouillard.png\" class=\"attachment-full size-full wp-image-54087\" alt=\"\" srcset=\"https:\/\/gfsignature.com\/wp-content\/uploads\/2025\/08\/Daniel-Rouillard.png 450w, https:\/\/gfsignature.com\/wp-content\/uploads\/2025\/08\/Daniel-Rouillard-246x300.png 246w\" sizes=\"(max-width: 450px) 100vw, 450px\" \/><\/figure><div class=\"elementor-image-box-content\"><h3 class=\"elementor-image-box-title\">Daniel Rouillard, Chief Compliance Officer &amp; Responsible Officer<\/h3><p class=\"elementor-image-box-description\">83 Champlain Street, Salaberry-de-Valleyfield, J6T 1W4\n\nconformite@gfsignature.com\n\nor\n\n450-747-4711 ext. 110<\/p><\/div><\/div>\t\t\t\t<\/div>\n\t\t\t\t<\/div>\n\t\t<div class=\"elementor-element elementor-element-6dded86 e-con-full e-flex e-con e-child\" data-id=\"6dded86\" data-element_type=\"container\" data-settings=\"{&quot;_ha_eqh_enable&quot;:false}\">\n\t\t\t\t<\/div>\n\t\t\t\t\t<\/div>\n\t\t\t\t<\/div>\n\t\t\t\t<\/div>\n\t\t","protected":false},"excerpt":{"rendered":"<p>Signature Financial Group (SFG) is committed to protecting the confidentiality of your personal information and to handling it in accordance with the law and with respect for your privacy. Your consent When you leave a comment on our website, the data entered in the comment form, your IP address and your browser&#8217;s user agent are [&hellip;]<\/p>\n","protected":false},"author":3,"featured_media":0,"parent":0,"menu_order":0,"comment_status":"closed","ping_status":"open","template":"elementor_header_footer","meta":{"footnotes":""},"class_list":["post-33453","page","type-page","status-publish","hentry"],"_links":{"self":[{"href":"https:\/\/gfsignature.com\/en\/wp-json\/wp\/v2\/pages\/33453","targetHints":{"allow":["GET"]}}],"collection":[{"href":"https:\/\/gfsignature.com\/en\/wp-json\/wp\/v2\/pages"}],"about":[{"href":"https:\/\/gfsignature.com\/en\/wp-json\/wp\/v2\/types\/page"}],"author":[{"embeddable":true,"href":"https:\/\/gfsignature.com\/en\/wp-json\/wp\/v2\/users\/3"}],"replies":[{"embeddable":true,"href":"https:\/\/gfsignature.com\/en\/wp-json\/wp\/v2\/comments?post=33453"}],"version-history":[{"count":33,"href":"https:\/\/gfsignature.com\/en\/wp-json\/wp\/v2\/pages\/33453\/revisions"}],"predecessor-version":[{"id":54869,"href":"https:\/\/gfsignature.com\/en\/wp-json\/wp\/v2\/pages\/33453\/revisions\/54869"}],"wp:attachment":[{"href":"https:\/\/gfsignature.com\/en\/wp-json\/wp\/v2\/media?parent=33453"}],"curies":[{"name":"wp","href":"https:\/\/api.w.org\/{rel}","templated":true}]}}